{"id":4355,"date":"2023-07-21T00:34:33","date_gmt":"2023-07-21T00:34:33","guid":{"rendered":"https:\/\/don-cicleto.ronindev.today\/product\/foguetao-bicihangar\/"},"modified":"2023-12-15T11:18:55","modified_gmt":"2023-12-15T11:18:55","slug":"bicihangar-foguete","status":"publish","type":"product","link":"https:\/\/www.web.doncicleto.com\/pt-pt\/produto\/bicihangar-foguete\/","title":{"rendered":"Foguet\u00e3o Bicihangar"},"content":{"rendered":"<p><span style=\"font-weight: 400;\">Concebido, desenvolvido e fabricado pela Don Cicleto, o Bicihangar Rocket \u00e9 a solu\u00e7\u00e3o perfeita para o estacionamento seguro de bicicletas e scooters em qualquer tipo de espa\u00e7o, protegendo-as contra roubo, vandalismo e condi\u00e7\u00f5es climat\u00e9ricas adversas.<\/span><\/p>\n<p>&nbsp;<\/p>\n<p><span style=\"font-weight: 400;\">Ocupa metade do espa\u00e7o de um autom\u00f3vel, o que facilita a sua implanta\u00e7\u00e3o nas cidades e a sua instala\u00e7\u00e3o em qualquer tipo de local. <\/span><\/p>\n<p>&nbsp;<\/p>\n<p><span style=\"font-weight: 400;\">\u00c9 aut\u00f3nomo e n\u00e3o requer obras de constru\u00e7\u00e3o civil, permitindo uma r\u00e1pida instala\u00e7\u00e3o e implanta\u00e7\u00e3o nas cidades, bem como uma f\u00e1cil relocaliza\u00e7\u00e3o.<\/span><\/p>\n<p>&nbsp;<\/p>\n<p><span style=\"font-weight: 400;\">A Bicihangar Rocket recebeu pr\u00e9mios internacionais das mais prestigiadas organiza\u00e7\u00f5es do mundo do ciclismo e da micro-mobilidade:<\/span><\/p>\n<p>&nbsp;<\/p>\n<ul>\n<li style=\"list-style-type: none;\">\n<ul>\n<li style=\"font-weight: 400;\" aria-level=\"1\"><a href=\"https:\/\/ecf.com\/\"><br \/>\n<b>Federa\u00e7\u00e3o Europeia de Ciclistas<\/b><br \/>\n<\/a><span style=\"font-weight: 400;\">A Federa\u00e7\u00e3o Europeia de Ciclistas: re\u00fane associa\u00e7\u00f5es de ciclistas a n\u00edvel europeu e representa os interesses dos ciclistas perante o Parlamento Europeu.<\/span><\/li>\n<li style=\"font-weight: 400;\" aria-level=\"1\"><a href=\"https:\/\/cyclingindustries.com\/\"><br \/>\n<b>Ind\u00fastrias Ciclistas da Europa<\/b><br \/>\n<\/a><span style=\"font-weight: 400;\">Cyclist Industries Europe: a organiza\u00e7\u00e3o de c\u00fapula do sector privado do ciclismo na Europa.<\/span><\/li>\n<li style=\"font-weight: 400;\" aria-level=\"1\"><a href=\"https:\/\/www.eiturbanmobility.eu\/\"><br \/>\n<b>EIT Mobilidade Urbana<\/b><br \/>\n<\/a><span style=\"font-weight: 400;\">EIT Urban Mobility: associa\u00e7\u00e3o sob os ausp\u00edcios da Uni\u00e3o Europeia para promover a inova\u00e7\u00e3o nos transportes. <\/span><\/li>\n<li style=\"font-weight: 400;\" aria-level=\"1\"><a href=\"https:\/\/www.ciudadesporlabicicleta.org\/\"><b>Rede de Cidades para o Ciclismo<\/b><\/a><\/li>\n<li style=\"font-weight: 400;\" aria-level=\"1\"><a href=\"https:\/\/www.movilidadsostenible.com.es\/\"><b>Empresas para a Mobilidade Sustent\u00e1vel<\/b><\/a><\/li>\n<\/ul>\n<\/li>\n<\/ul>\n<p>&nbsp;<\/p>\n","protected":false},"excerpt":{"rendered":"<p>Concebido, desenvolvido e fabricado pela Don Cicleto, o Bicihangar Rocket \u00e9 a solu\u00e7\u00e3o perfeita para o estacionamento seguro de bicicletas e scooters em qualquer tipo de espa\u00e7o, protegendo-as contra roubo, vandalismo e condi\u00e7\u00f5es climat\u00e9ricas adversas. &nbsp; Ocupa metade do espa\u00e7o de um autom\u00f3vel, o que facilita a sua implanta\u00e7\u00e3o nas cidades e a sua instala\u00e7\u00e3o [&hellip;]<\/p>\n","protected":false},"featured_media":3582,"comment_status":"open","ping_status":"closed","template":"","meta":{"_acf_changed":false,"_links_to":"","_links_to_target":""},"product_brand":[],"product_cat":[63],"product_tag":[],"class_list":{"0":"post-4355","1":"product","2":"type-product","3":"status-publish","4":"has-post-thumbnail","6":"product_cat-hangares-pt-pt","8":"first","9":"instock","10":"shipping-taxable","11":"product-type-simple"},"acf":[],"yoast_head":"<!-- This site is optimized with the Yoast SEO plugin v26.9 - https:\/\/yoast.com\/product\/yoast-seo-wordpress\/ -->\n<title>Foguet\u00e3o Bicihangar - Don Cicleto<\/title>\n<meta name=\"robots\" content=\"index, follow, max-snippet:-1, max-image-preview:large, max-video-preview:-1\" \/>\n<link rel=\"canonical\" href=\"https:\/\/www.web.doncicleto.com\/pt-pt\/produto\/bicihangar-foguete\/\" \/>\n<meta property=\"og:locale\" content=\"pt_PT\" \/>\n<meta property=\"og:type\" content=\"article\" \/>\n<meta property=\"og:title\" content=\"Foguet\u00e3o Bicihangar - Don Cicleto\" \/>\n<meta property=\"og:description\" content=\"Concebido, desenvolvido e fabricado pela Don Cicleto, o Bicihangar Rocket \u00e9 a solu\u00e7\u00e3o perfeita para o estacionamento seguro de bicicletas e scooters em qualquer tipo de espa\u00e7o, protegendo-as contra roubo, vandalismo e condi\u00e7\u00f5es climat\u00e9ricas adversas. &nbsp; Ocupa metade do espa\u00e7o de um autom\u00f3vel, o que facilita a sua implanta\u00e7\u00e3o nas cidades e a sua instala\u00e7\u00e3o [&hellip;]\" \/>\n<meta property=\"og:url\" content=\"https:\/\/www.web.doncicleto.com\/pt-pt\/produto\/bicihangar-foguete\/\" \/>\n<meta property=\"og:site_name\" content=\"Don Cicleto\" \/>\n<meta property=\"article:modified_time\" content=\"2023-12-15T11:18:55+00:00\" \/>\n<meta property=\"og:image\" content=\"https:\/\/www.web.doncicleto.com\/wp-content\/uploads\/2023\/08\/bicihangar6-scaled.jpg\" \/>\n\t<meta property=\"og:image:width\" content=\"2560\" \/>\n\t<meta property=\"og:image:height\" content=\"1920\" \/>\n\t<meta property=\"og:image:type\" content=\"image\/jpeg\" \/>\n<meta name=\"twitter:card\" content=\"summary_large_image\" \/>\n<meta name=\"twitter:label1\" content=\"Est. reading time\" \/>\n\t<meta name=\"twitter:data1\" content=\"1 minute\" \/>\n<script type=\"application\/ld+json\" class=\"yoast-schema-graph\">{\"@context\":\"https:\/\/schema.org\",\"@graph\":[{\"@type\":\"WebPage\",\"@id\":\"https:\/\/www.web.doncicleto.com\/pt-pt\/produto\/bicihangar-foguete\/\",\"url\":\"https:\/\/www.web.doncicleto.com\/pt-pt\/produto\/bicihangar-foguete\/\",\"name\":\"Foguet\u00e3o Bicihangar - Don Cicleto\",\"isPartOf\":{\"@id\":\"https:\/\/www.web.doncicleto.com\/pt-pt\/#website\"},\"primaryImageOfPage\":{\"@id\":\"https:\/\/www.web.doncicleto.com\/pt-pt\/produto\/bicihangar-foguete\/#primaryimage\"},\"image\":{\"@id\":\"https:\/\/www.web.doncicleto.com\/pt-pt\/produto\/bicihangar-foguete\/#primaryimage\"},\"thumbnailUrl\":\"https:\/\/www.web.doncicleto.com\/wp-content\/uploads\/2023\/08\/bicihangar6-scaled.jpg\",\"datePublished\":\"2023-07-21T00:34:33+00:00\",\"dateModified\":\"2023-12-15T11:18:55+00:00\",\"breadcrumb\":{\"@id\":\"https:\/\/www.web.doncicleto.com\/pt-pt\/produto\/bicihangar-foguete\/#breadcrumb\"},\"inLanguage\":\"pt-PT\",\"potentialAction\":[{\"@type\":\"ReadAction\",\"target\":[\"https:\/\/www.web.doncicleto.com\/pt-pt\/produto\/bicihangar-foguete\/\"]}]},{\"@type\":\"ImageObject\",\"inLanguage\":\"pt-PT\",\"@id\":\"https:\/\/www.web.doncicleto.com\/pt-pt\/produto\/bicihangar-foguete\/#primaryimage\",\"url\":\"https:\/\/www.web.doncicleto.com\/wp-content\/uploads\/2023\/08\/bicihangar6-scaled.jpg\",\"contentUrl\":\"https:\/\/www.web.doncicleto.com\/wp-content\/uploads\/2023\/08\/bicihangar6-scaled.jpg\",\"width\":2560,\"height\":1920},{\"@type\":\"BreadcrumbList\",\"@id\":\"https:\/\/www.web.doncicleto.com\/pt-pt\/produto\/bicihangar-foguete\/#breadcrumb\",\"itemListElement\":[{\"@type\":\"ListItem\",\"position\":1,\"name\":\"Home\",\"item\":\"https:\/\/www.web.doncicleto.com\/pt-pt\/inicio\/\"},{\"@type\":\"ListItem\",\"position\":2,\"name\":\"Tienda\",\"item\":\"https:\/\/www.web.doncicleto.com\/productos\/\"},{\"@type\":\"ListItem\",\"position\":3,\"name\":\"Foguet\u00e3o Bicihangar\"}]},{\"@type\":\"WebSite\",\"@id\":\"https:\/\/www.web.doncicleto.com\/pt-pt\/#website\",\"url\":\"https:\/\/www.web.doncicleto.com\/pt-pt\/\",\"name\":\"Don Cicleto\",\"description\":\"\",\"publisher\":{\"@id\":\"https:\/\/www.web.doncicleto.com\/pt-pt\/#organization\"},\"potentialAction\":[{\"@type\":\"SearchAction\",\"target\":{\"@type\":\"EntryPoint\",\"urlTemplate\":\"https:\/\/www.web.doncicleto.com\/pt-pt\/?s={search_term_string}\"},\"query-input\":{\"@type\":\"PropertyValueSpecification\",\"valueRequired\":true,\"valueName\":\"search_term_string\"}}],\"inLanguage\":\"pt-PT\"},{\"@type\":\"Organization\",\"@id\":\"https:\/\/www.web.doncicleto.com\/pt-pt\/#organization\",\"name\":\"Don Cicleto\",\"url\":\"https:\/\/www.web.doncicleto.com\/pt-pt\/\",\"logo\":{\"@type\":\"ImageObject\",\"inLanguage\":\"pt-PT\",\"@id\":\"https:\/\/www.web.doncicleto.com\/pt-pt\/#\/schema\/logo\/image\/\",\"url\":\"https:\/\/www.web.doncicleto.com\/wp-content\/uploads\/2023\/06\/Don-Cicleto-logo-txt.svg\",\"contentUrl\":\"https:\/\/www.web.doncicleto.com\/wp-content\/uploads\/2023\/06\/Don-Cicleto-logo-txt.svg\",\"width\":132,\"height\":32,\"caption\":\"Don Cicleto\"},\"image\":{\"@id\":\"https:\/\/www.web.doncicleto.com\/pt-pt\/#\/schema\/logo\/image\/\"}}]}<\/script>\n<!-- \/ Yoast SEO plugin. -->","yoast_head_json":{"title":"Foguet\u00e3o Bicihangar - Don Cicleto","robots":{"index":"index","follow":"follow","max-snippet":"max-snippet:-1","max-image-preview":"max-image-preview:large","max-video-preview":"max-video-preview:-1"},"canonical":"https:\/\/www.web.doncicleto.com\/pt-pt\/produto\/bicihangar-foguete\/","og_locale":"pt_PT","og_type":"article","og_title":"Foguet\u00e3o Bicihangar - Don Cicleto","og_description":"Concebido, desenvolvido e fabricado pela Don Cicleto, o Bicihangar Rocket \u00e9 a solu\u00e7\u00e3o perfeita para o estacionamento seguro de bicicletas e scooters em qualquer tipo de espa\u00e7o, protegendo-as contra roubo, vandalismo e condi\u00e7\u00f5es climat\u00e9ricas adversas. &nbsp; Ocupa metade do espa\u00e7o de um autom\u00f3vel, o que facilita a sua implanta\u00e7\u00e3o nas cidades e a sua instala\u00e7\u00e3o [&hellip;]","og_url":"https:\/\/www.web.doncicleto.com\/pt-pt\/produto\/bicihangar-foguete\/","og_site_name":"Don Cicleto","article_modified_time":"2023-12-15T11:18:55+00:00","og_image":[{"width":2560,"height":1920,"url":"https:\/\/www.web.doncicleto.com\/wp-content\/uploads\/2023\/08\/bicihangar6-scaled.jpg","type":"image\/jpeg"}],"twitter_card":"summary_large_image","twitter_misc":{"Est. reading time":"1 minute"},"schema":{"@context":"https:\/\/schema.org","@graph":[{"@type":"WebPage","@id":"https:\/\/www.web.doncicleto.com\/pt-pt\/produto\/bicihangar-foguete\/","url":"https:\/\/www.web.doncicleto.com\/pt-pt\/produto\/bicihangar-foguete\/","name":"Foguet\u00e3o Bicihangar - Don Cicleto","isPartOf":{"@id":"https:\/\/www.web.doncicleto.com\/pt-pt\/#website"},"primaryImageOfPage":{"@id":"https:\/\/www.web.doncicleto.com\/pt-pt\/produto\/bicihangar-foguete\/#primaryimage"},"image":{"@id":"https:\/\/www.web.doncicleto.com\/pt-pt\/produto\/bicihangar-foguete\/#primaryimage"},"thumbnailUrl":"https:\/\/www.web.doncicleto.com\/wp-content\/uploads\/2023\/08\/bicihangar6-scaled.jpg","datePublished":"2023-07-21T00:34:33+00:00","dateModified":"2023-12-15T11:18:55+00:00","breadcrumb":{"@id":"https:\/\/www.web.doncicleto.com\/pt-pt\/produto\/bicihangar-foguete\/#breadcrumb"},"inLanguage":"pt-PT","potentialAction":[{"@type":"ReadAction","target":["https:\/\/www.web.doncicleto.com\/pt-pt\/produto\/bicihangar-foguete\/"]}]},{"@type":"ImageObject","inLanguage":"pt-PT","@id":"https:\/\/www.web.doncicleto.com\/pt-pt\/produto\/bicihangar-foguete\/#primaryimage","url":"https:\/\/www.web.doncicleto.com\/wp-content\/uploads\/2023\/08\/bicihangar6-scaled.jpg","contentUrl":"https:\/\/www.web.doncicleto.com\/wp-content\/uploads\/2023\/08\/bicihangar6-scaled.jpg","width":2560,"height":1920},{"@type":"BreadcrumbList","@id":"https:\/\/www.web.doncicleto.com\/pt-pt\/produto\/bicihangar-foguete\/#breadcrumb","itemListElement":[{"@type":"ListItem","position":1,"name":"Home","item":"https:\/\/www.web.doncicleto.com\/pt-pt\/inicio\/"},{"@type":"ListItem","position":2,"name":"Tienda","item":"https:\/\/www.web.doncicleto.com\/productos\/"},{"@type":"ListItem","position":3,"name":"Foguet\u00e3o Bicihangar"}]},{"@type":"WebSite","@id":"https:\/\/www.web.doncicleto.com\/pt-pt\/#website","url":"https:\/\/www.web.doncicleto.com\/pt-pt\/","name":"Don Cicleto","description":"","publisher":{"@id":"https:\/\/www.web.doncicleto.com\/pt-pt\/#organization"},"potentialAction":[{"@type":"SearchAction","target":{"@type":"EntryPoint","urlTemplate":"https:\/\/www.web.doncicleto.com\/pt-pt\/?s={search_term_string}"},"query-input":{"@type":"PropertyValueSpecification","valueRequired":true,"valueName":"search_term_string"}}],"inLanguage":"pt-PT"},{"@type":"Organization","@id":"https:\/\/www.web.doncicleto.com\/pt-pt\/#organization","name":"Don Cicleto","url":"https:\/\/www.web.doncicleto.com\/pt-pt\/","logo":{"@type":"ImageObject","inLanguage":"pt-PT","@id":"https:\/\/www.web.doncicleto.com\/pt-pt\/#\/schema\/logo\/image\/","url":"https:\/\/www.web.doncicleto.com\/wp-content\/uploads\/2023\/06\/Don-Cicleto-logo-txt.svg","contentUrl":"https:\/\/www.web.doncicleto.com\/wp-content\/uploads\/2023\/06\/Don-Cicleto-logo-txt.svg","width":132,"height":32,"caption":"Don Cicleto"},"image":{"@id":"https:\/\/www.web.doncicleto.com\/pt-pt\/#\/schema\/logo\/image\/"}}]}},"_links":{"self":[{"href":"https:\/\/www.web.doncicleto.com\/pt-pt\/wp-json\/wp\/v2\/product\/4355","targetHints":{"allow":["GET"]}}],"collection":[{"href":"https:\/\/www.web.doncicleto.com\/pt-pt\/wp-json\/wp\/v2\/product"}],"about":[{"href":"https:\/\/www.web.doncicleto.com\/pt-pt\/wp-json\/wp\/v2\/types\/product"}],"replies":[{"embeddable":true,"href":"https:\/\/www.web.doncicleto.com\/pt-pt\/wp-json\/wp\/v2\/comments?post=4355"}],"wp:featuredmedia":[{"embeddable":true,"href":"https:\/\/www.web.doncicleto.com\/pt-pt\/wp-json\/wp\/v2\/media\/3582"}],"wp:attachment":[{"href":"https:\/\/www.web.doncicleto.com\/pt-pt\/wp-json\/wp\/v2\/media?parent=4355"}],"wp:term":[{"taxonomy":"product_brand","embeddable":true,"href":"https:\/\/www.web.doncicleto.com\/pt-pt\/wp-json\/wp\/v2\/product_brand?post=4355"},{"taxonomy":"product_cat","embeddable":true,"href":"https:\/\/www.web.doncicleto.com\/pt-pt\/wp-json\/wp\/v2\/product_cat?post=4355"},{"taxonomy":"product_tag","embeddable":true,"href":"https:\/\/www.web.doncicleto.com\/pt-pt\/wp-json\/wp\/v2\/product_tag?post=4355"}],"curies":[{"name":"wp","href":"https:\/\/api.w.org\/{rel}","templated":true}]}}