{"id":4190,"date":"2023-08-25T15:29:22","date_gmt":"2023-08-25T15:29:22","guid":{"rendered":"https:\/\/don-cicleto.ronindev.today\/product\/cacifos-individuais\/"},"modified":"2023-12-15T10:30:49","modified_gmt":"2023-12-15T10:30:49","slug":"cacifos-individuais","status":"publish","type":"product","link":"https:\/\/www.web.doncicleto.com\/pt-pt\/produto\/cacifos-individuais\/","title":{"rendered":"Cacifos individuais"},"content":{"rendered":"<p><span style=\"font-weight: 400;\">Os cacifos individuais permitem n\u00e3o s\u00f3 estacionar a bicicleta em seguran\u00e7a, mas tamb\u00e9m ter um espa\u00e7o individual para cada utilizador, para que este possa deixar outro tipo de objectos, como capacetes, mochilas, etc., para al\u00e9m de n\u00e3o ter de transportar um cadeado. <\/span><\/p>\n","protected":false},"excerpt":{"rendered":"<p>Os cacifos individuais permitem n\u00e3o s\u00f3 estacionar a bicicleta em seguran\u00e7a, mas tamb\u00e9m ter um espa\u00e7o individual para cada utilizador, para que este possa deixar outro tipo de objectos, como capacetes, mochilas, etc., para al\u00e9m de n\u00e3o ter de transportar um cadeado.<\/p>\n","protected":false},"featured_media":9820,"comment_status":"open","ping_status":"closed","template":"","meta":{"_acf_changed":false,"_links_to":"","_links_to_target":""},"product_brand":[],"product_cat":[71],"product_tag":[],"class_list":{"0":"post-4190","1":"product","2":"type-product","3":"status-publish","4":"has-post-thumbnail","6":"product_cat-cacifos","8":"first","9":"instock","10":"shipping-taxable","11":"product-type-simple"},"acf":[],"yoast_head":"<!-- This site is optimized with the Yoast SEO plugin v26.9 - https:\/\/yoast.com\/product\/yoast-seo-wordpress\/ -->\n<title>Cacifos individuais - Don Cicleto<\/title>\n<meta name=\"robots\" content=\"index, follow, max-snippet:-1, max-image-preview:large, max-video-preview:-1\" \/>\n<link rel=\"canonical\" href=\"https:\/\/www.web.doncicleto.com\/pt-pt\/produto\/cacifos-individuais\/\" \/>\n<meta property=\"og:locale\" content=\"pt_PT\" \/>\n<meta property=\"og:type\" content=\"article\" \/>\n<meta property=\"og:title\" content=\"Cacifos individuais - Don Cicleto\" \/>\n<meta property=\"og:description\" content=\"Os cacifos individuais permitem n\u00e3o s\u00f3 estacionar a bicicleta em seguran\u00e7a, mas tamb\u00e9m ter um espa\u00e7o individual para cada utilizador, para que este possa deixar outro tipo de objectos, como capacetes, mochilas, etc., para al\u00e9m de n\u00e3o ter de transportar um cadeado.\" \/>\n<meta property=\"og:url\" content=\"https:\/\/www.web.doncicleto.com\/pt-pt\/produto\/cacifos-individuais\/\" \/>\n<meta property=\"og:site_name\" content=\"Don Cicleto\" \/>\n<meta property=\"article:modified_time\" content=\"2023-12-15T10:30:49+00:00\" \/>\n<meta property=\"og:image\" content=\"https:\/\/www.web.doncicleto.com\/wp-content\/uploads\/2023\/08\/Taquillas-Individuales-2.jpeg\" \/>\n\t<meta property=\"og:image:width\" content=\"620\" \/>\n\t<meta property=\"og:image:height\" content=\"348\" \/>\n\t<meta property=\"og:image:type\" content=\"image\/jpeg\" \/>\n<meta name=\"twitter:card\" content=\"summary_large_image\" \/>\n<meta name=\"twitter:label1\" content=\"Est. reading time\" \/>\n\t<meta name=\"twitter:data1\" content=\"1 minute\" \/>\n<script type=\"application\/ld+json\" class=\"yoast-schema-graph\">{\"@context\":\"https:\/\/schema.org\",\"@graph\":[{\"@type\":\"WebPage\",\"@id\":\"https:\/\/www.web.doncicleto.com\/pt-pt\/produto\/cacifos-individuais\/\",\"url\":\"https:\/\/www.web.doncicleto.com\/pt-pt\/produto\/cacifos-individuais\/\",\"name\":\"Cacifos individuais - Don Cicleto\",\"isPartOf\":{\"@id\":\"https:\/\/www.web.doncicleto.com\/pt-pt\/#website\"},\"primaryImageOfPage\":{\"@id\":\"https:\/\/www.web.doncicleto.com\/pt-pt\/produto\/cacifos-individuais\/#primaryimage\"},\"image\":{\"@id\":\"https:\/\/www.web.doncicleto.com\/pt-pt\/produto\/cacifos-individuais\/#primaryimage\"},\"thumbnailUrl\":\"https:\/\/www.web.doncicleto.com\/wp-content\/uploads\/2023\/08\/Taquilla-Don-Cicleto-scaled.jpg\",\"datePublished\":\"2023-08-25T15:29:22+00:00\",\"dateModified\":\"2023-12-15T10:30:49+00:00\",\"breadcrumb\":{\"@id\":\"https:\/\/www.web.doncicleto.com\/pt-pt\/produto\/cacifos-individuais\/#breadcrumb\"},\"inLanguage\":\"pt-PT\",\"potentialAction\":[{\"@type\":\"ReadAction\",\"target\":[\"https:\/\/www.web.doncicleto.com\/pt-pt\/produto\/cacifos-individuais\/\"]}]},{\"@type\":\"ImageObject\",\"inLanguage\":\"pt-PT\",\"@id\":\"https:\/\/www.web.doncicleto.com\/pt-pt\/produto\/cacifos-individuais\/#primaryimage\",\"url\":\"https:\/\/www.web.doncicleto.com\/wp-content\/uploads\/2023\/08\/Taquilla-Don-Cicleto-scaled.jpg\",\"contentUrl\":\"https:\/\/www.web.doncicleto.com\/wp-content\/uploads\/2023\/08\/Taquilla-Don-Cicleto-scaled.jpg\",\"width\":2560,\"height\":1920},{\"@type\":\"BreadcrumbList\",\"@id\":\"https:\/\/www.web.doncicleto.com\/pt-pt\/produto\/cacifos-individuais\/#breadcrumb\",\"itemListElement\":[{\"@type\":\"ListItem\",\"position\":1,\"name\":\"Home\",\"item\":\"https:\/\/www.web.doncicleto.com\/pt-pt\/inicio\/\"},{\"@type\":\"ListItem\",\"position\":2,\"name\":\"Tienda\",\"item\":\"https:\/\/www.web.doncicleto.com\/productos\/\"},{\"@type\":\"ListItem\",\"position\":3,\"name\":\"Cacifos individuais\"}]},{\"@type\":\"WebSite\",\"@id\":\"https:\/\/www.web.doncicleto.com\/pt-pt\/#website\",\"url\":\"https:\/\/www.web.doncicleto.com\/pt-pt\/\",\"name\":\"Don Cicleto\",\"description\":\"\",\"publisher\":{\"@id\":\"https:\/\/www.web.doncicleto.com\/pt-pt\/#organization\"},\"potentialAction\":[{\"@type\":\"SearchAction\",\"target\":{\"@type\":\"EntryPoint\",\"urlTemplate\":\"https:\/\/www.web.doncicleto.com\/pt-pt\/?s={search_term_string}\"},\"query-input\":{\"@type\":\"PropertyValueSpecification\",\"valueRequired\":true,\"valueName\":\"search_term_string\"}}],\"inLanguage\":\"pt-PT\"},{\"@type\":\"Organization\",\"@id\":\"https:\/\/www.web.doncicleto.com\/pt-pt\/#organization\",\"name\":\"Don Cicleto\",\"url\":\"https:\/\/www.web.doncicleto.com\/pt-pt\/\",\"logo\":{\"@type\":\"ImageObject\",\"inLanguage\":\"pt-PT\",\"@id\":\"https:\/\/www.web.doncicleto.com\/pt-pt\/#\/schema\/logo\/image\/\",\"url\":\"https:\/\/www.web.doncicleto.com\/wp-content\/uploads\/2023\/06\/Don-Cicleto-logo-txt.svg\",\"contentUrl\":\"https:\/\/www.web.doncicleto.com\/wp-content\/uploads\/2023\/06\/Don-Cicleto-logo-txt.svg\",\"width\":132,\"height\":32,\"caption\":\"Don Cicleto\"},\"image\":{\"@id\":\"https:\/\/www.web.doncicleto.com\/pt-pt\/#\/schema\/logo\/image\/\"}}]}<\/script>\n<!-- \/ Yoast SEO plugin. -->","yoast_head_json":{"title":"Cacifos individuais - Don Cicleto","robots":{"index":"index","follow":"follow","max-snippet":"max-snippet:-1","max-image-preview":"max-image-preview:large","max-video-preview":"max-video-preview:-1"},"canonical":"https:\/\/www.web.doncicleto.com\/pt-pt\/produto\/cacifos-individuais\/","og_locale":"pt_PT","og_type":"article","og_title":"Cacifos individuais - Don Cicleto","og_description":"Os cacifos individuais permitem n\u00e3o s\u00f3 estacionar a bicicleta em seguran\u00e7a, mas tamb\u00e9m ter um espa\u00e7o individual para cada utilizador, para que este possa deixar outro tipo de objectos, como capacetes, mochilas, etc., para al\u00e9m de n\u00e3o ter de transportar um cadeado.","og_url":"https:\/\/www.web.doncicleto.com\/pt-pt\/produto\/cacifos-individuais\/","og_site_name":"Don Cicleto","article_modified_time":"2023-12-15T10:30:49+00:00","og_image":[{"width":620,"height":348,"url":"https:\/\/www.web.doncicleto.com\/wp-content\/uploads\/2023\/08\/Taquillas-Individuales-2.jpeg","type":"image\/jpeg"}],"twitter_card":"summary_large_image","twitter_misc":{"Est. reading time":"1 minute"},"schema":{"@context":"https:\/\/schema.org","@graph":[{"@type":"WebPage","@id":"https:\/\/www.web.doncicleto.com\/pt-pt\/produto\/cacifos-individuais\/","url":"https:\/\/www.web.doncicleto.com\/pt-pt\/produto\/cacifos-individuais\/","name":"Cacifos individuais - Don Cicleto","isPartOf":{"@id":"https:\/\/www.web.doncicleto.com\/pt-pt\/#website"},"primaryImageOfPage":{"@id":"https:\/\/www.web.doncicleto.com\/pt-pt\/produto\/cacifos-individuais\/#primaryimage"},"image":{"@id":"https:\/\/www.web.doncicleto.com\/pt-pt\/produto\/cacifos-individuais\/#primaryimage"},"thumbnailUrl":"https:\/\/www.web.doncicleto.com\/wp-content\/uploads\/2023\/08\/Taquilla-Don-Cicleto-scaled.jpg","datePublished":"2023-08-25T15:29:22+00:00","dateModified":"2023-12-15T10:30:49+00:00","breadcrumb":{"@id":"https:\/\/www.web.doncicleto.com\/pt-pt\/produto\/cacifos-individuais\/#breadcrumb"},"inLanguage":"pt-PT","potentialAction":[{"@type":"ReadAction","target":["https:\/\/www.web.doncicleto.com\/pt-pt\/produto\/cacifos-individuais\/"]}]},{"@type":"ImageObject","inLanguage":"pt-PT","@id":"https:\/\/www.web.doncicleto.com\/pt-pt\/produto\/cacifos-individuais\/#primaryimage","url":"https:\/\/www.web.doncicleto.com\/wp-content\/uploads\/2023\/08\/Taquilla-Don-Cicleto-scaled.jpg","contentUrl":"https:\/\/www.web.doncicleto.com\/wp-content\/uploads\/2023\/08\/Taquilla-Don-Cicleto-scaled.jpg","width":2560,"height":1920},{"@type":"BreadcrumbList","@id":"https:\/\/www.web.doncicleto.com\/pt-pt\/produto\/cacifos-individuais\/#breadcrumb","itemListElement":[{"@type":"ListItem","position":1,"name":"Home","item":"https:\/\/www.web.doncicleto.com\/pt-pt\/inicio\/"},{"@type":"ListItem","position":2,"name":"Tienda","item":"https:\/\/www.web.doncicleto.com\/productos\/"},{"@type":"ListItem","position":3,"name":"Cacifos individuais"}]},{"@type":"WebSite","@id":"https:\/\/www.web.doncicleto.com\/pt-pt\/#website","url":"https:\/\/www.web.doncicleto.com\/pt-pt\/","name":"Don Cicleto","description":"","publisher":{"@id":"https:\/\/www.web.doncicleto.com\/pt-pt\/#organization"},"potentialAction":[{"@type":"SearchAction","target":{"@type":"EntryPoint","urlTemplate":"https:\/\/www.web.doncicleto.com\/pt-pt\/?s={search_term_string}"},"query-input":{"@type":"PropertyValueSpecification","valueRequired":true,"valueName":"search_term_string"}}],"inLanguage":"pt-PT"},{"@type":"Organization","@id":"https:\/\/www.web.doncicleto.com\/pt-pt\/#organization","name":"Don Cicleto","url":"https:\/\/www.web.doncicleto.com\/pt-pt\/","logo":{"@type":"ImageObject","inLanguage":"pt-PT","@id":"https:\/\/www.web.doncicleto.com\/pt-pt\/#\/schema\/logo\/image\/","url":"https:\/\/www.web.doncicleto.com\/wp-content\/uploads\/2023\/06\/Don-Cicleto-logo-txt.svg","contentUrl":"https:\/\/www.web.doncicleto.com\/wp-content\/uploads\/2023\/06\/Don-Cicleto-logo-txt.svg","width":132,"height":32,"caption":"Don Cicleto"},"image":{"@id":"https:\/\/www.web.doncicleto.com\/pt-pt\/#\/schema\/logo\/image\/"}}]}},"_links":{"self":[{"href":"https:\/\/www.web.doncicleto.com\/pt-pt\/wp-json\/wp\/v2\/product\/4190","targetHints":{"allow":["GET"]}}],"collection":[{"href":"https:\/\/www.web.doncicleto.com\/pt-pt\/wp-json\/wp\/v2\/product"}],"about":[{"href":"https:\/\/www.web.doncicleto.com\/pt-pt\/wp-json\/wp\/v2\/types\/product"}],"replies":[{"embeddable":true,"href":"https:\/\/www.web.doncicleto.com\/pt-pt\/wp-json\/wp\/v2\/comments?post=4190"}],"wp:featuredmedia":[{"embeddable":true,"href":"https:\/\/www.web.doncicleto.com\/pt-pt\/wp-json\/wp\/v2\/media\/9820"}],"wp:attachment":[{"href":"https:\/\/www.web.doncicleto.com\/pt-pt\/wp-json\/wp\/v2\/media?parent=4190"}],"wp:term":[{"taxonomy":"product_brand","embeddable":true,"href":"https:\/\/www.web.doncicleto.com\/pt-pt\/wp-json\/wp\/v2\/product_brand?post=4190"},{"taxonomy":"product_cat","embeddable":true,"href":"https:\/\/www.web.doncicleto.com\/pt-pt\/wp-json\/wp\/v2\/product_cat?post=4190"},{"taxonomy":"product_tag","embeddable":true,"href":"https:\/\/www.web.doncicleto.com\/pt-pt\/wp-json\/wp\/v2\/product_tag?post=4190"}],"curies":[{"name":"wp","href":"https:\/\/api.w.org\/{rel}","templated":true}]}}