{"id":4147,"date":"2023-08-25T15:28:15","date_gmt":"2023-08-25T15:28:15","guid":{"rendered":"https:\/\/don-cicleto.ronindev.today\/product\/mobility-cycle-hub\/"},"modified":"2023-12-15T10:34:04","modified_gmt":"2023-12-15T10:34:04","slug":"mobility-cycle-hub","status":"publish","type":"product","link":"https:\/\/www.web.doncicleto.com\/ca\/producte\/mobility-cycle-hub\/","title":{"rendered":"Mobility Cycle Hub"},"content":{"rendered":"<p><span style=\"font-weight: 400;\">Els nostres Mobility Cycle Hub estan pensats per a zones d&#8217;alta densitat i tr\u00e0nsit com estacions de tren, aeroports o nodes de transport. <\/span><\/p>\n<p><span style=\"font-weight: 400;\">Permet oferir als usuaris no nom\u00e9s un lloc segur, protegit i cobert on estacionar la seva bicicleta sin\u00f3 tamb\u00e9 oferir altres serveis: estacions de reparaci\u00f3, carregadors el\u00e8ctrics, taquilles, etc. <\/span><\/p>\n<p><span style=\"font-weight: 400;\">Treballem colze amb colze amb els nostres clients per personalitzar i adaptar els nostres Mobility Cycle Hub a les necessitats concretes del client. <\/span><\/p>\n","protected":false},"excerpt":{"rendered":"<p>Els nostres Mobility Cycle Hub estan pensats per a zones d&#8217;alta densitat i tr\u00e0nsit com estacions de tren, aeroports o nodes de transport. Permet oferir als usuaris no nom\u00e9s un lloc segur, protegit i cobert on estacionar la seva bicicleta sin\u00f3 tamb\u00e9 oferir altres serveis: estacions de reparaci\u00f3, carregadors el\u00e8ctrics, taquilles, etc. Treballem colze amb [&hellip;]<\/p>\n","protected":false},"featured_media":3775,"comment_status":"open","ping_status":"closed","template":"","meta":{"_acf_changed":false,"_links_to":"","_links_to_target":""},"product_brand":[],"product_cat":[62],"product_tag":[],"class_list":{"0":"post-4147","1":"product","2":"type-product","3":"status-publish","4":"has-post-thumbnail","6":"product_cat-hangars","8":"first","9":"instock","10":"shipping-taxable","11":"product-type-simple"},"acf":[],"yoast_head":"<!-- This site is optimized with the Yoast SEO plugin v26.9 - https:\/\/yoast.com\/product\/yoast-seo-wordpress\/ -->\n<title>Mobility Cycle Hub - Don Cicleto<\/title>\n<meta name=\"robots\" content=\"index, follow, max-snippet:-1, max-image-preview:large, max-video-preview:-1\" \/>\n<link rel=\"canonical\" href=\"https:\/\/www.web.doncicleto.com\/ca\/producte\/mobility-cycle-hub\/\" \/>\n<meta property=\"og:locale\" content=\"ca_ES\" \/>\n<meta property=\"og:type\" content=\"article\" \/>\n<meta property=\"og:title\" content=\"Mobility Cycle Hub - Don Cicleto\" \/>\n<meta property=\"og:description\" content=\"Els nostres Mobility Cycle Hub estan pensats per a zones d&#8217;alta densitat i tr\u00e0nsit com estacions de tren, aeroports o nodes de transport. Permet oferir als usuaris no nom\u00e9s un lloc segur, protegit i cobert on estacionar la seva bicicleta sin\u00f3 tamb\u00e9 oferir altres serveis: estacions de reparaci\u00f3, carregadors el\u00e8ctrics, taquilles, etc. Treballem colze amb [&hellip;]\" \/>\n<meta property=\"og:url\" content=\"https:\/\/www.web.doncicleto.com\/ca\/producte\/mobility-cycle-hub\/\" \/>\n<meta property=\"og:site_name\" content=\"Don Cicleto\" \/>\n<meta property=\"article:modified_time\" content=\"2023-12-15T10:34:04+00:00\" \/>\n<meta property=\"og:image\" content=\"https:\/\/www.web.doncicleto.com\/wp-content\/uploads\/2023\/08\/mobility-cycle2.jpeg\" \/>\n\t<meta property=\"og:image:width\" content=\"1000\" \/>\n\t<meta property=\"og:image:height\" content=\"661\" \/>\n\t<meta property=\"og:image:type\" content=\"image\/jpeg\" \/>\n<meta name=\"twitter:card\" content=\"summary_large_image\" \/>\n<meta name=\"twitter:label1\" content=\"Est. reading time\" \/>\n\t<meta name=\"twitter:data1\" content=\"1 minute\" \/>\n<script type=\"application\/ld+json\" class=\"yoast-schema-graph\">{\"@context\":\"https:\/\/schema.org\",\"@graph\":[{\"@type\":\"WebPage\",\"@id\":\"https:\/\/www.web.doncicleto.com\/ca\/producte\/mobility-cycle-hub\/\",\"url\":\"https:\/\/www.web.doncicleto.com\/ca\/producte\/mobility-cycle-hub\/\",\"name\":\"Mobility Cycle Hub - Don Cicleto\",\"isPartOf\":{\"@id\":\"https:\/\/www.web.doncicleto.com\/ca\/#website\"},\"primaryImageOfPage\":{\"@id\":\"https:\/\/www.web.doncicleto.com\/ca\/producte\/mobility-cycle-hub\/#primaryimage\"},\"image\":{\"@id\":\"https:\/\/www.web.doncicleto.com\/ca\/producte\/mobility-cycle-hub\/#primaryimage\"},\"thumbnailUrl\":\"https:\/\/www.web.doncicleto.com\/wp-content\/uploads\/2023\/08\/mobility-cycle2.jpeg\",\"datePublished\":\"2023-08-25T15:28:15+00:00\",\"dateModified\":\"2023-12-15T10:34:04+00:00\",\"breadcrumb\":{\"@id\":\"https:\/\/www.web.doncicleto.com\/ca\/producte\/mobility-cycle-hub\/#breadcrumb\"},\"inLanguage\":\"ca\",\"potentialAction\":[{\"@type\":\"ReadAction\",\"target\":[\"https:\/\/www.web.doncicleto.com\/ca\/producte\/mobility-cycle-hub\/\"]}]},{\"@type\":\"ImageObject\",\"inLanguage\":\"ca\",\"@id\":\"https:\/\/www.web.doncicleto.com\/ca\/producte\/mobility-cycle-hub\/#primaryimage\",\"url\":\"https:\/\/www.web.doncicleto.com\/wp-content\/uploads\/2023\/08\/mobility-cycle2.jpeg\",\"contentUrl\":\"https:\/\/www.web.doncicleto.com\/wp-content\/uploads\/2023\/08\/mobility-cycle2.jpeg\",\"width\":1000,\"height\":661},{\"@type\":\"BreadcrumbList\",\"@id\":\"https:\/\/www.web.doncicleto.com\/ca\/producte\/mobility-cycle-hub\/#breadcrumb\",\"itemListElement\":[{\"@type\":\"ListItem\",\"position\":1,\"name\":\"Home\",\"item\":\"https:\/\/www.web.doncicleto.com\/ca\/\"},{\"@type\":\"ListItem\",\"position\":2,\"name\":\"Tienda\",\"item\":\"https:\/\/www.web.doncicleto.com\/productos\/\"},{\"@type\":\"ListItem\",\"position\":3,\"name\":\"Mobility Cycle Hub\"}]},{\"@type\":\"WebSite\",\"@id\":\"https:\/\/www.web.doncicleto.com\/ca\/#website\",\"url\":\"https:\/\/www.web.doncicleto.com\/ca\/\",\"name\":\"Don Cicleto\",\"description\":\"\",\"publisher\":{\"@id\":\"https:\/\/www.web.doncicleto.com\/ca\/#organization\"},\"potentialAction\":[{\"@type\":\"SearchAction\",\"target\":{\"@type\":\"EntryPoint\",\"urlTemplate\":\"https:\/\/www.web.doncicleto.com\/ca\/?s={search_term_string}\"},\"query-input\":{\"@type\":\"PropertyValueSpecification\",\"valueRequired\":true,\"valueName\":\"search_term_string\"}}],\"inLanguage\":\"ca\"},{\"@type\":\"Organization\",\"@id\":\"https:\/\/www.web.doncicleto.com\/ca\/#organization\",\"name\":\"Don Cicleto\",\"url\":\"https:\/\/www.web.doncicleto.com\/ca\/\",\"logo\":{\"@type\":\"ImageObject\",\"inLanguage\":\"ca\",\"@id\":\"https:\/\/www.web.doncicleto.com\/ca\/#\/schema\/logo\/image\/\",\"url\":\"https:\/\/www.web.doncicleto.com\/wp-content\/uploads\/2023\/06\/Don-Cicleto-logo-txt.svg\",\"contentUrl\":\"https:\/\/www.web.doncicleto.com\/wp-content\/uploads\/2023\/06\/Don-Cicleto-logo-txt.svg\",\"width\":132,\"height\":32,\"caption\":\"Don Cicleto\"},\"image\":{\"@id\":\"https:\/\/www.web.doncicleto.com\/ca\/#\/schema\/logo\/image\/\"}}]}<\/script>\n<!-- \/ Yoast SEO plugin. -->","yoast_head_json":{"title":"Mobility Cycle Hub - Don Cicleto","robots":{"index":"index","follow":"follow","max-snippet":"max-snippet:-1","max-image-preview":"max-image-preview:large","max-video-preview":"max-video-preview:-1"},"canonical":"https:\/\/www.web.doncicleto.com\/ca\/producte\/mobility-cycle-hub\/","og_locale":"ca_ES","og_type":"article","og_title":"Mobility Cycle Hub - Don Cicleto","og_description":"Els nostres Mobility Cycle Hub estan pensats per a zones d&#8217;alta densitat i tr\u00e0nsit com estacions de tren, aeroports o nodes de transport. Permet oferir als usuaris no nom\u00e9s un lloc segur, protegit i cobert on estacionar la seva bicicleta sin\u00f3 tamb\u00e9 oferir altres serveis: estacions de reparaci\u00f3, carregadors el\u00e8ctrics, taquilles, etc. Treballem colze amb [&hellip;]","og_url":"https:\/\/www.web.doncicleto.com\/ca\/producte\/mobility-cycle-hub\/","og_site_name":"Don Cicleto","article_modified_time":"2023-12-15T10:34:04+00:00","og_image":[{"width":1000,"height":661,"url":"https:\/\/www.web.doncicleto.com\/wp-content\/uploads\/2023\/08\/mobility-cycle2.jpeg","type":"image\/jpeg"}],"twitter_card":"summary_large_image","twitter_misc":{"Est. reading time":"1 minute"},"schema":{"@context":"https:\/\/schema.org","@graph":[{"@type":"WebPage","@id":"https:\/\/www.web.doncicleto.com\/ca\/producte\/mobility-cycle-hub\/","url":"https:\/\/www.web.doncicleto.com\/ca\/producte\/mobility-cycle-hub\/","name":"Mobility Cycle Hub - Don Cicleto","isPartOf":{"@id":"https:\/\/www.web.doncicleto.com\/ca\/#website"},"primaryImageOfPage":{"@id":"https:\/\/www.web.doncicleto.com\/ca\/producte\/mobility-cycle-hub\/#primaryimage"},"image":{"@id":"https:\/\/www.web.doncicleto.com\/ca\/producte\/mobility-cycle-hub\/#primaryimage"},"thumbnailUrl":"https:\/\/www.web.doncicleto.com\/wp-content\/uploads\/2023\/08\/mobility-cycle2.jpeg","datePublished":"2023-08-25T15:28:15+00:00","dateModified":"2023-12-15T10:34:04+00:00","breadcrumb":{"@id":"https:\/\/www.web.doncicleto.com\/ca\/producte\/mobility-cycle-hub\/#breadcrumb"},"inLanguage":"ca","potentialAction":[{"@type":"ReadAction","target":["https:\/\/www.web.doncicleto.com\/ca\/producte\/mobility-cycle-hub\/"]}]},{"@type":"ImageObject","inLanguage":"ca","@id":"https:\/\/www.web.doncicleto.com\/ca\/producte\/mobility-cycle-hub\/#primaryimage","url":"https:\/\/www.web.doncicleto.com\/wp-content\/uploads\/2023\/08\/mobility-cycle2.jpeg","contentUrl":"https:\/\/www.web.doncicleto.com\/wp-content\/uploads\/2023\/08\/mobility-cycle2.jpeg","width":1000,"height":661},{"@type":"BreadcrumbList","@id":"https:\/\/www.web.doncicleto.com\/ca\/producte\/mobility-cycle-hub\/#breadcrumb","itemListElement":[{"@type":"ListItem","position":1,"name":"Home","item":"https:\/\/www.web.doncicleto.com\/ca\/"},{"@type":"ListItem","position":2,"name":"Tienda","item":"https:\/\/www.web.doncicleto.com\/productos\/"},{"@type":"ListItem","position":3,"name":"Mobility Cycle Hub"}]},{"@type":"WebSite","@id":"https:\/\/www.web.doncicleto.com\/ca\/#website","url":"https:\/\/www.web.doncicleto.com\/ca\/","name":"Don Cicleto","description":"","publisher":{"@id":"https:\/\/www.web.doncicleto.com\/ca\/#organization"},"potentialAction":[{"@type":"SearchAction","target":{"@type":"EntryPoint","urlTemplate":"https:\/\/www.web.doncicleto.com\/ca\/?s={search_term_string}"},"query-input":{"@type":"PropertyValueSpecification","valueRequired":true,"valueName":"search_term_string"}}],"inLanguage":"ca"},{"@type":"Organization","@id":"https:\/\/www.web.doncicleto.com\/ca\/#organization","name":"Don Cicleto","url":"https:\/\/www.web.doncicleto.com\/ca\/","logo":{"@type":"ImageObject","inLanguage":"ca","@id":"https:\/\/www.web.doncicleto.com\/ca\/#\/schema\/logo\/image\/","url":"https:\/\/www.web.doncicleto.com\/wp-content\/uploads\/2023\/06\/Don-Cicleto-logo-txt.svg","contentUrl":"https:\/\/www.web.doncicleto.com\/wp-content\/uploads\/2023\/06\/Don-Cicleto-logo-txt.svg","width":132,"height":32,"caption":"Don Cicleto"},"image":{"@id":"https:\/\/www.web.doncicleto.com\/ca\/#\/schema\/logo\/image\/"}}]}},"_links":{"self":[{"href":"https:\/\/www.web.doncicleto.com\/ca\/wp-json\/wp\/v2\/product\/4147","targetHints":{"allow":["GET"]}}],"collection":[{"href":"https:\/\/www.web.doncicleto.com\/ca\/wp-json\/wp\/v2\/product"}],"about":[{"href":"https:\/\/www.web.doncicleto.com\/ca\/wp-json\/wp\/v2\/types\/product"}],"replies":[{"embeddable":true,"href":"https:\/\/www.web.doncicleto.com\/ca\/wp-json\/wp\/v2\/comments?post=4147"}],"wp:featuredmedia":[{"embeddable":true,"href":"https:\/\/www.web.doncicleto.com\/ca\/wp-json\/wp\/v2\/media\/3775"}],"wp:attachment":[{"href":"https:\/\/www.web.doncicleto.com\/ca\/wp-json\/wp\/v2\/media?parent=4147"}],"wp:term":[{"taxonomy":"product_brand","embeddable":true,"href":"https:\/\/www.web.doncicleto.com\/ca\/wp-json\/wp\/v2\/product_brand?post=4147"},{"taxonomy":"product_cat","embeddable":true,"href":"https:\/\/www.web.doncicleto.com\/ca\/wp-json\/wp\/v2\/product_cat?post=4147"},{"taxonomy":"product_tag","embeddable":true,"href":"https:\/\/www.web.doncicleto.com\/ca\/wp-json\/wp\/v2\/product_tag?post=4147"}],"curies":[{"name":"wp","href":"https:\/\/api.w.org\/{rel}","templated":true}]}}